{"id":2483,"date":"2016-09-02T12:03:36","date_gmt":"2016-09-02T09:03:36","guid":{"rendered":"https:\/\/kivancgroup.com\/en\/mining\/musselstone-kullanim-alanlari\/"},"modified":"2020-06-25T15:46:35","modified_gmt":"2020-06-25T12:46:35","slug":"musselstone-fields-of-usage","status":"publish","type":"page","link":"https:\/\/kivancgroup.com\/en\/mining\/musselstone-fields-of-usage\/","title":{"rendered":"Musselstone Fields of Usage"},"content":{"rendered":"<h1>Musselstone Fields of Usage<\/h1>\n<p>It found various and rich range of use from face stones to intensive ornamental surfaces, since it is engraved easily. Limestone\u2019s have been used frequently in artistic works that require aesthetic, elegance and art such as interior spaces, coves, columns, jambs, exedras, wall copings, fire places, landscaping, reliefs, crown gates, portal, altars, minibars, birdhouses, benevolence stones. Nowadays, it is used for restoration of historical buildings, and in new buildings, kiosks, villas waterfront residences, garden walls, walking trails, and in similar places.<\/p>\n\r\n\t\t\t<style type='text\/css'>\r\n\t\t\t\t#gallery-1 {\r\n\t\t\t\t\tmargin: auto;\r\n\t\t\t\t}\r\n\t\t\t\t#gallery-1 .gallery-item {\r\n\t\t\t\t\tfloat: left;\r\n\t\t\t\t\tmargin-top: 10px;\r\n\t\t\t\t\ttext-align: center;\r\n\t\t\t\t\twidth: 33.33%;\r\n\t\t\t\t}\r\n\t\t\t\t#gallery-1 img {\r\n\t\t\t\t\tborder: 2px solid #cfcfcf;\r\n\t\t\t\t}\r\n\t\t\t\t#gallery-1 .gallery-caption {\r\n\t\t\t\t\tmargin-left: 0;\r\n\t\t\t\t}\r\n\t\t\t\t\/* see gallery_shortcode() in wp-includes\/media.php *\/\r\n\t\t\t<\/style>\n\t\t<div id='gallery-1' class='gallery galleryid-2483 gallery-columns-3 gallery-size-thumbnail file'><dl class='gallery-item'>\r\n\t\t\t\t<dt class='gallery-icon landscape'>\r\n\t\t\t\t\t<a href='https:\/\/kivancgroup.com\/wp-content\/uploads\/2016\/09\/Atikali-Camii.jpg'><img width=\"200\" height=\"200\" src=\"https:\/\/kivancgroup.com\/wp-content\/uploads\/2016\/09\/Atikali-Camii-200x200.jpg\" class=\"attachment-thumbnail size-thumbnail\" alt=\"\" loading=\"lazy\" srcset=\"https:\/\/kivancgroup.com\/wp-content\/uploads\/2016\/09\/Atikali-Camii-200x200.jpg 200w, https:\/\/kivancgroup.com\/wp-content\/uploads\/2016\/09\/Atikali-Camii-85x85.jpg 85w, https:\/\/kivancgroup.com\/wp-content\/uploads\/2016\/09\/Atikali-Camii-80x80.jpg 80w\" sizes=\"(max-width: 200px) 100vw, 200px\" \/><\/a>\r\n\t\t\t\t<\/dt>\r\n\t\t\t\t\t<dd class='wp-caption-text gallery-caption'>\r\n\t\t\t\t\tEdirne Atikali Camii\r\n\t\t\t\t\t<\/dd><\/dl><dl class='gallery-item'>\r\n\t\t\t\t<dt class='gallery-icon landscape'>\r\n\t\t\t\t\t<a href='https:\/\/kivancgroup.com\/wp-content\/uploads\/2016\/09\/Beyazit-Kulliyesi-Tip-Medresesi.jpg'><img width=\"200\" height=\"200\" src=\"https:\/\/kivancgroup.com\/wp-content\/uploads\/2016\/09\/Beyazit-Kulliyesi-Tip-Medresesi-200x200.jpg\" class=\"attachment-thumbnail size-thumbnail\" alt=\"\" loading=\"lazy\" srcset=\"https:\/\/kivancgroup.com\/wp-content\/uploads\/2016\/09\/Beyazit-Kulliyesi-Tip-Medresesi-200x200.jpg 200w, https:\/\/kivancgroup.com\/wp-content\/uploads\/2016\/09\/Beyazit-Kulliyesi-Tip-Medresesi-85x85.jpg 85w, https:\/\/kivancgroup.com\/wp-content\/uploads\/2016\/09\/Beyazit-Kulliyesi-Tip-Medresesi-80x80.jpg 80w\" sizes=\"(max-width: 200px) 100vw, 200px\" \/><\/a>\r\n\t\t\t\t<\/dt>\r\n\t\t\t\t\t<dd class='wp-caption-text gallery-caption'>\r\n\t\t\t\t\tEdirne Beyaz\u0131t K\u00fclliyesi T\u0131p Medresesi\r\n\t\t\t\t\t<\/dd><\/dl><dl class='gallery-item'>\r\n\t\t\t\t<dt class='gallery-icon landscape'>\r\n\t\t\t\t\t<a href='https:\/\/kivancgroup.com\/wp-content\/uploads\/2016\/09\/Edirne-Asker-Hastenesi-Sehitligi.jpg'><img width=\"200\" height=\"200\" src=\"https:\/\/kivancgroup.com\/wp-content\/uploads\/2016\/09\/Edirne-Asker-Hastenesi-Sehitligi-200x200.jpg\" class=\"attachment-thumbnail size-thumbnail\" alt=\"\" loading=\"lazy\" srcset=\"https:\/\/kivancgroup.com\/wp-content\/uploads\/2016\/09\/Edirne-Asker-Hastenesi-Sehitligi-200x200.jpg 200w, https:\/\/kivancgroup.com\/wp-content\/uploads\/2016\/09\/Edirne-Asker-Hastenesi-Sehitligi-85x85.jpg 85w, https:\/\/kivancgroup.com\/wp-content\/uploads\/2016\/09\/Edirne-Asker-Hastenesi-Sehitligi-80x80.jpg 80w\" sizes=\"(max-width: 200px) 100vw, 200px\" \/><\/a>\r\n\t\t\t\t<\/dt>\r\n\t\t\t\t\t<dd class='wp-caption-text gallery-caption'>\r\n\t\t\t\t\tEdirne Asker Hastanesi \u015eehitli\u011fi\r\n\t\t\t\t\t<\/dd><\/dl><br style=\"clear: both\" \/><dl class='gallery-item'>\r\n\t\t\t\t<dt class='gallery-icon landscape'>\r\n\t\t\t\t\t<a href='https:\/\/kivancgroup.com\/wp-content\/uploads\/2016\/09\/Havsa-Cesme.jpg'><img width=\"200\" height=\"200\" src=\"https:\/\/kivancgroup.com\/wp-content\/uploads\/2016\/09\/Havsa-Cesme-200x200.jpg\" class=\"attachment-thumbnail size-thumbnail\" alt=\"\" loading=\"lazy\" srcset=\"https:\/\/kivancgroup.com\/wp-content\/uploads\/2016\/09\/Havsa-Cesme-200x200.jpg 200w, https:\/\/kivancgroup.com\/wp-content\/uploads\/2016\/09\/Havsa-Cesme-85x85.jpg 85w, https:\/\/kivancgroup.com\/wp-content\/uploads\/2016\/09\/Havsa-Cesme-80x80.jpg 80w\" sizes=\"(max-width: 200px) 100vw, 200px\" \/><\/a>\r\n\t\t\t\t<\/dt>\r\n\t\t\t\t\t<dd class='wp-caption-text gallery-caption'>\r\n\t\t\t\t\tEdirne Havsa \u00c7e\u015fme\r\n\t\t\t\t\t<\/dd><\/dl><dl class='gallery-item'>\r\n\t\t\t\t<dt class='gallery-icon landscape'>\r\n\t\t\t\t\t<a href='https:\/\/kivancgroup.com\/wp-content\/uploads\/2016\/09\/Havzasokullu-Camii.jpg'><img width=\"200\" height=\"200\" src=\"https:\/\/kivancgroup.com\/wp-content\/uploads\/2016\/09\/Havzasokullu-Camii-200x200.jpg\" class=\"attachment-thumbnail size-thumbnail\" alt=\"\" loading=\"lazy\" srcset=\"https:\/\/kivancgroup.com\/wp-content\/uploads\/2016\/09\/Havzasokullu-Camii-200x200.jpg 200w, https:\/\/kivancgroup.com\/wp-content\/uploads\/2016\/09\/Havzasokullu-Camii-85x85.jpg 85w, https:\/\/kivancgroup.com\/wp-content\/uploads\/2016\/09\/Havzasokullu-Camii-80x80.jpg 80w\" sizes=\"(max-width: 200px) 100vw, 200px\" \/><\/a>\r\n\t\t\t\t<\/dt>\r\n\t\t\t\t\t<dd class='wp-caption-text gallery-caption'>\r\n\t\t\t\t\tEdirne Havzasokullu Camii\r\n\t\t\t\t\t<\/dd><\/dl><dl class='gallery-item'>\r\n\t\t\t\t<dt class='gallery-icon landscape'>\r\n\t\t\t\t\t<a href='https:\/\/kivancgroup.com\/wp-content\/uploads\/2016\/09\/Hidirlik-Tabyasi.jpg'><img width=\"200\" height=\"200\" src=\"https:\/\/kivancgroup.com\/wp-content\/uploads\/2016\/09\/Hidirlik-Tabyasi-200x200.jpg\" class=\"attachment-thumbnail size-thumbnail\" alt=\"\" loading=\"lazy\" srcset=\"https:\/\/kivancgroup.com\/wp-content\/uploads\/2016\/09\/Hidirlik-Tabyasi-200x200.jpg 200w, https:\/\/kivancgroup.com\/wp-content\/uploads\/2016\/09\/Hidirlik-Tabyasi-85x85.jpg 85w, https:\/\/kivancgroup.com\/wp-content\/uploads\/2016\/09\/Hidirlik-Tabyasi-80x80.jpg 80w\" sizes=\"(max-width: 200px) 100vw, 200px\" \/><\/a>\r\n\t\t\t\t<\/dt>\r\n\t\t\t\t\t<dd class='wp-caption-text gallery-caption'>\r\n\t\t\t\t\tEdirne Hidirlik Tabyasi\r\n\t\t\t\t\t<\/dd><\/dl><br style=\"clear: both\" \/><dl class='gallery-item'>\r\n\t\t\t\t<dt class='gallery-icon landscape'>\r\n\t\t\t\t\t<a href='https:\/\/kivancgroup.com\/wp-content\/uploads\/2016\/09\/Selimiye-Camii.jpg'><img width=\"200\" height=\"200\" src=\"https:\/\/kivancgroup.com\/wp-content\/uploads\/2016\/09\/Selimiye-Camii-200x200.jpg\" class=\"attachment-thumbnail size-thumbnail\" alt=\"\" loading=\"lazy\" srcset=\"https:\/\/kivancgroup.com\/wp-content\/uploads\/2016\/09\/Selimiye-Camii-200x200.jpg 200w, https:\/\/kivancgroup.com\/wp-content\/uploads\/2016\/09\/Selimiye-Camii-85x85.jpg 85w, https:\/\/kivancgroup.com\/wp-content\/uploads\/2016\/09\/Selimiye-Camii-80x80.jpg 80w\" sizes=\"(max-width: 200px) 100vw, 200px\" \/><\/a>\r\n\t\t\t\t<\/dt>\r\n\t\t\t\t\t<dd class='wp-caption-text gallery-caption'>\r\n\t\t\t\t\tEdirne Selimiye Camii\r\n\t\t\t\t\t<\/dd><\/dl>\r\n\t\t\t\t<br style='clear: both' \/>\r\n\t\t\t<\/div>\n\n","protected":false},"excerpt":{"rendered":"<p>Musselstone Fields of Usage It found various and rich range of use from face stones to intensive ornamental surfaces, since it is engraved easily. Limestone\u2019s have [&hellip;]<\/p>\n","protected":false},"author":1,"featured_media":2003,"parent":2467,"menu_order":0,"comment_status":"closed","ping_status":"closed","template":"template-madencilik.php","meta":[],"acf":[],"_links":{"self":[{"href":"https:\/\/kivancgroup.com\/en\/wp-json\/wp\/v2\/pages\/2483"}],"collection":[{"href":"https:\/\/kivancgroup.com\/en\/wp-json\/wp\/v2\/pages"}],"about":[{"href":"https:\/\/kivancgroup.com\/en\/wp-json\/wp\/v2\/types\/page"}],"author":[{"embeddable":true,"href":"https:\/\/kivancgroup.com\/en\/wp-json\/wp\/v2\/users\/1"}],"replies":[{"embeddable":true,"href":"https:\/\/kivancgroup.com\/en\/wp-json\/wp\/v2\/comments?post=2483"}],"version-history":[{"count":3,"href":"https:\/\/kivancgroup.com\/en\/wp-json\/wp\/v2\/pages\/2483\/revisions"}],"predecessor-version":[{"id":5604,"href":"https:\/\/kivancgroup.com\/en\/wp-json\/wp\/v2\/pages\/2483\/revisions\/5604"}],"up":[{"embeddable":true,"href":"https:\/\/kivancgroup.com\/en\/wp-json\/wp\/v2\/pages\/2467"}],"wp:featuredmedia":[{"embeddable":true,"href":"https:\/\/kivancgroup.com\/en\/wp-json\/wp\/v2\/media\/2003"}],"wp:attachment":[{"href":"https:\/\/kivancgroup.com\/en\/wp-json\/wp\/v2\/media?parent=2483"}],"curies":[{"name":"wp","href":"https:\/\/api.w.org\/{rel}","templated":true}]}}