{"id":2479,"date":"2016-09-02T12:02:24","date_gmt":"2016-09-02T09:02:24","guid":{"rendered":"https:\/\/kivancgroup.com\/en\/mining\/musselstone-nedir\/"},"modified":"2022-07-05T14:09:28","modified_gmt":"2022-07-05T11:09:28","slug":"what-is-musselstone","status":"publish","type":"page","link":"https:\/\/kivancgroup.com\/en\/mining\/what-is-musselstone\/","title":{"rendered":"What Is Musselstone?"},"content":{"rendered":"<h1>What Is Musselstone?<\/h1>\n<p>Musselstone\u00a0is an only stone that is known as \u201c\u0130stanbul Stone\u201d in the world and \u201cBak\u0131rk\u00f6y Stone\u201d in Ottoman Empire; started to be used in Roman and Byzantine era; reached a peak in hands of Sinan the Architect and survive for long years as 2500 years. Limestone stratums are located in west of \u0130stanbul region between Davutpa\u015fa, Bak\u0131rk\u00f6y, Sefak\u00f6y (Ye\u015filk\u00f6y, \u015erinevler, Merter, Haznedar) on Neocene basin, which reaches out from \u0130stanbul to K\u00fc\u00e7\u00fck\u00e7ekmece. Construction stone demand of \u0130stanbul and nearby cities from quarries, which have been operated form hundreds of years in this region. Furthermore, like-for-like stones have been extracted from quarries in Thrace region Edirne province and they have been used in Edirne province and nearby cities and towns and especially in Selimiye Mosque.<\/p>\n<p data-pm-slice=\"1 1 []\">At the time of exraction from soil, Musselstone is suitable for all kind of processing and engraved easily; and it gains hardness, durability and strength after contact with air.<\/p>\n<p>It has become fundamental stone of interior and exterior of all buildings that constitute aesthetic of \u0130stanbul from building of Hagia Sofia and Yenikap\u0131 walls in byzantine era and building of S\u00fcleymaniye social complex in Ottoman era. It has been used in important our historical buildings such as Mihrimah Sultan Mosque, Dar\u00fc\u015f\u015fafaka Madrasah, Akdeniz Madrasah, Fatih Mosque.<\/p>\n<p>Limestone is stone that has climatic features as well. It helps you to breathe sigh of relief by absorbing dog days in summer and freezing cold in winter.<\/p>\n<p><a href=\"https:\/\/kivancgroup.com\/wp-content\/uploads\/2020\/08\/Mussel-Stone-Brochure.pdf\" target=\"_blank\" rel=\"noopener\">Click<\/a> to access our catalogue.<\/p>\n","protected":false},"excerpt":{"rendered":"<p>What Is Musselstone? Musselstone\u00a0is an only stone that is known as \u201c\u0130stanbul Stone\u201d in the world and \u201cBak\u0131rk\u00f6y Stone\u201d in Ottoman Empire; started to be used [&hellip;]<\/p>\n","protected":false},"author":1,"featured_media":2003,"parent":2467,"menu_order":0,"comment_status":"closed","ping_status":"closed","template":"template-madencilik.php","meta":[],"acf":[],"_links":{"self":[{"href":"https:\/\/kivancgroup.com\/en\/wp-json\/wp\/v2\/pages\/2479"}],"collection":[{"href":"https:\/\/kivancgroup.com\/en\/wp-json\/wp\/v2\/pages"}],"about":[{"href":"https:\/\/kivancgroup.com\/en\/wp-json\/wp\/v2\/types\/page"}],"author":[{"embeddable":true,"href":"https:\/\/kivancgroup.com\/en\/wp-json\/wp\/v2\/users\/1"}],"replies":[{"embeddable":true,"href":"https:\/\/kivancgroup.com\/en\/wp-json\/wp\/v2\/comments?post=2479"}],"version-history":[{"count":8,"href":"https:\/\/kivancgroup.com\/en\/wp-json\/wp\/v2\/pages\/2479\/revisions"}],"predecessor-version":[{"id":8797,"href":"https:\/\/kivancgroup.com\/en\/wp-json\/wp\/v2\/pages\/2479\/revisions\/8797"}],"up":[{"embeddable":true,"href":"https:\/\/kivancgroup.com\/en\/wp-json\/wp\/v2\/pages\/2467"}],"wp:featuredmedia":[{"embeddable":true,"href":"https:\/\/kivancgroup.com\/en\/wp-json\/wp\/v2\/media\/2003"}],"wp:attachment":[{"href":"https:\/\/kivancgroup.com\/en\/wp-json\/wp\/v2\/media?parent=2479"}],"curies":[{"name":"wp","href":"https:\/\/api.w.org\/{rel}","templated":true}]}}